{"id":31,"date":"2021-09-22T16:32:20","date_gmt":"2021-09-22T16:32:20","guid":{"rendered":"https:\/\/www.saint-medard-la-rochette.fr\/?page_id=31"},"modified":"2025-02-07T12:40:44","modified_gmt":"2025-02-07T12:40:44","slug":"pratique","status":"publish","type":"page","link":"https:\/\/www.saint-medard-la-rochette.fr\/?page_id=31","title":{"rendered":"Pratique"},"content":{"rendered":"\t\t<div data-elementor-type=\"wp-page\" data-elementor-id=\"31\" class=\"elementor elementor-31\">\n\t\t\t\t\t\t<section class=\"elementor-section elementor-top-section elementor-element elementor-element-9cb2a96 elementor-section-boxed elementor-section-height-default elementor-section-height-default\" data-id=\"9cb2a96\" data-element_type=\"section\" data-e-type=\"section\">\n\t\t\t\t\t\t<div class=\"elementor-container elementor-column-gap-default\">\n\t\t\t\t\t<div class=\"elementor-column elementor-col-100 elementor-top-column elementor-element elementor-element-1f4e490\" data-id=\"1f4e490\" data-element_type=\"column\" data-e-type=\"column\">\n\t\t\t<div class=\"elementor-widget-wrap elementor-element-populated\">\n\t\t\t\t\t\t<div class=\"elementor-element elementor-element-01943db elementor-widget elementor-widget-text-editor\" data-id=\"01943db\" data-element_type=\"widget\" data-e-type=\"widget\" data-widget_type=\"text-editor.default\">\n\t\t\t\t<div class=\"elementor-widget-container\">\n\t\t\t\t\t\t\t\t\t<div title=\"Page 3\"><h4><span style=\"color: #008080;\"><u>CARTES D&rsquo;IDENTIT\u00c9<\/u><\/span><\/h4><p>Depuis 2017, toute demande de carte, qu\u2019il s\u2019agisse d\u2019une premie\u0300re fois ou d\u2019un renouvellement, est traite\u0301e par une Mairie e\u0301quipe\u0301e d\u2019une station biome\u0301trique, comme pour les passeports.<br \/>11 Mairies creusoises sont e\u0301quipe\u0301es de ce dispositif : AHUN, AUBUSSON, AUZANCES, BONNAT, BOURGA-NEUF, BOUSSAC, CHAMBON-SUR-VOUEIZE, CROCQ, GENTIOUX-PIGEROLLES, GUERET et LA SOUTERRAINE.<\/p><p>Gagnez du temps en remplissant la pr\u00e9-demande en ligne : <a href=\"https:\/\/passeport.ants.gouv.fr\/demarches-en-ligne\">https:\/\/passeport.ants.gouv.fr\/demarches-en-ligne<\/a><\/p><h4><span style=\"color: #008080;\"><u>PERMIS DE CONDUIRE &amp; CARTES GRISES<\/u><\/span><\/h4><p>Vous pouvez de\u0301sormais effectuer vos demandes de certificat d\u2019immatriculation ou les de\u0301marches lie\u0301es au permis de conduire sans vous rendre au guichet d\u2019une Pre\u0301fecture. Ces de\u0301marches sont accessibles sur Internet :<br \/><span style=\"color: #333399;\"><a style=\"color: #333399;\" href=\"https:\/\/immatriculation.ants.gouv.fr\" target=\"_blank\" rel=\"noopener\">https:\/\/immatriculation.ants.gouv.fr<\/a>\u00a0&amp;\u00a0<a style=\"color: #333399;\" href=\"https:\/\/permisdeconduire.ants.gouv.fr\" target=\"_blank\" rel=\"noopener\">https:\/\/permisdeconduire.ants.gouv.fr<\/a>.<\/span><\/p><h4><span style=\"color: #008080;\"><u>MES DEMARCHES A PORTE\u0301E DE CLIC<\/u><\/span><\/h4><p><span style=\"color: #333399;\"><a style=\"color: #333399;\" href=\"https:\/\/www.demarches.interieur.gouv.fr\/\" target=\"_blank\" rel=\"noopener\">https:\/\/www.demarches.interieur.gouv.fr\/<\/a><\/span><\/p><h4><span style=\"color: #008080;\"><u>AUTORISATIONS D&rsquo;URBANISME<\/u><\/span><\/h4><p>Depuis le 1<sup>er<\/sup> janvier 2022, vos demandes d\u2019urbanisme (certificats, d\u00e9clarations de travaux, permis de construire) peuvent \u00eatre d\u00e9pos\u00e9es par voie \u00e9lectronique, sur la bo\u00eete mail suivante : <span style=\"color: #333399;\"><a style=\"color: #333399;\" href=\"mailto:mairiesaintmedard@wanadoo.fr\">urbanisme-mairiesaintmedardlarochette@orange.fr<\/a><\/span><\/p><p>Une Assistance aux Demandes d&rsquo;Autorisation d&rsquo;Urbanisme \u00ab\u00a0AD&rsquo;AU\u00a0\u00bb est accessible en ligne sur le site \u00ab\u00a0service.public.fr\u00a0\u00bb et vous propose un accompagnement dans la constitution des dossiers de demande d&rsquo;autorisation d&rsquo;urbanisme, avant le d\u00e9p\u00f4t en mairie.<\/p><p><span style=\"text-decoration: underline;\">LES RISQUES SUR SAINT-MEDARD-LA-ROCHETTE<\/span><\/p><p><img decoding=\"async\" class=\"alignnone size-medium wp-image-1457 lazyload\" data-src=\"https:\/\/www.saint-medard-la-rochette.fr\/wp-content\/uploads\/2025\/02\/1200x630_Billboard_23220_commune_23200-300x158.png\" alt=\"\" width=\"300\" height=\"158\" data-srcset=\"https:\/\/www.saint-medard-la-rochette.fr\/wp-content\/uploads\/2025\/02\/1200x630_Billboard_23220_commune_23200-300x158.png 300w, https:\/\/www.saint-medard-la-rochette.fr\/wp-content\/uploads\/2025\/02\/1200x630_Billboard_23220_commune_23200-1024x538.png 1024w, https:\/\/www.saint-medard-la-rochette.fr\/wp-content\/uploads\/2025\/02\/1200x630_Billboard_23220_commune_23200-768x403.png 768w, https:\/\/www.saint-medard-la-rochette.fr\/wp-content\/uploads\/2025\/02\/1200x630_Billboard_23220_commune_23200.png 1200w\" data-sizes=\"(max-width: 300px) 100vw, 300px\" src=\"data:image\/svg+xml;base64,PHN2ZyB3aWR0aD0iMSIgaGVpZ2h0PSIxIiB4bWxucz0iaHR0cDovL3d3dy53My5vcmcvMjAwMC9zdmciPjwvc3ZnPg==\" style=\"--smush-placeholder-width: 300px; --smush-placeholder-aspect-ratio: 300\/158;\" \/><\/p><p><a href=\"https:\/\/www.georisques.gouv.fr\/mes-risques\/connaitre-les-risques-pres-de-chez-moi\/rapport2\/23220\/Saint-M%C3%A9dard-la-Rochette\/commune\/23200\" target=\"_blank\" rel=\"noopener\">https:\/\/www.georisques.gouv.fr\/mes-risques\/connaitre-les-risques-pres-de-chez-moi\/rapport2\/23220\/Saint-M%C3%A9dard-la-Rochette\/commune\/23200<\/a><\/p><h4><span style=\"color: #008080;\"><u>DT\/DICT<\/u><\/span><\/h4><p>Vous e\u0302tes un particulier et vous souhaitez exe\u0301cuter des travaux dans votre proprie\u0301te\u0301 :<br \/>&#8211; planter ou e\u0301laguer un arbre, tailler une haie,<br \/>&#8211; construire un garage, une extension, un mur de clo\u0302ture, une piscine,<br \/>&#8211; re\u0301nover votre toiture ou effectuer un ravalement de fac\u0327ade,<br \/>&#8211; poser une benne pour y de\u0301poser des gravats, effectuer un terrassement, &#8230;<br \/>En plus d\u2019une e\u0301ventuelle autorisation d\u2019urbanisme, la re\u0301glementation en vigueur vous impose de re\u0301aliser des de\u0301marches pre\u0301alables afin d\u2019identifier les re\u0301seaux potentiellement pre\u0301sents sur la zone de votre chantier (gaz, e\u0301lectricite\u0301, fibre&#8230;)<br \/>Attention : L\u2019absence de de\u0301claration fait courir des risques a\u0300 vous-me\u0302me, a\u0300 votre entourage et a\u0300 l\u2019environnement.<br \/>Lien vers le site vous permettant de faire votre de\u0301claration <span style=\"color: #333399;\">:\u00a0<a style=\"font-family: var( --e-global-typography-text-font-family ), Sans-serif; font-size: 1rem; color: #333399;\" href=\"https:\/\/www.reseaux-et-canalisations.ineris.fr\/gu-presentation\/construire-sans-detruire\/teleservice-reseaux-et-canalisations.html\" target=\"_blank\" rel=\"noopener\">https:\/\/www.reseaux-et-canalisations.ineris.fr\/gu-presentation\/construire-sans-detruire\/teleservice-reseaux-et-canalisations.html<\/a><\/span><\/p><h4><span style=\"color: #008080;\"><u>DECLARATION DES MEUBLES ET DES CHAMBRES D\u2019HOTES EN LIGNE<\/u><\/span><\/h4><p>La loi vous oblige a\u0300 de\u0301clarer votre Meuble\u0301 et\/ou votre Chambre d\u2019ho\u0302tes a\u0300 la mairie de la commune ou\u0300 il(s) est(sont) situe\u0301(s) (en application des articles L.324-4 et D.324-15 du code du tourisme).<br \/>De\u0301clarez simplement et rapidement votre Meuble\u0301 de Tourisme et\/ou votre Chambre d\u2019ho\u0302tes sur : <span style=\"color: #333399;\"><a style=\"color: #333399;\" href=\"https:\/\/www.cdt-creuse.com\" target=\"_blank\" rel=\"noopener\">https:\/\/www.cdt-creuse.com<\/a> <\/span>et <span style=\"color: #333399;\"><a style=\"color: #333399;\" href=\"https:\/\/www.tourisme-creuse.com\" target=\"_blank\" rel=\"noopener\">https:\/\/www.tourisme-creuse.com<\/a><\/span><\/p><h4><span style=\"color: #008080;\"><u>SERVICES DU SECTEUR<\/u><\/span><\/h4><p><span style=\"color: #333333;\"><strong>AGARDOM<\/strong><\/span><br \/>Service d\u2019Aide et d\u2019accompagnement a\u0300 domicile Esplanade Charles de Gaulle<br \/>23200 AUBUSSON<br \/>Te\u0301l. : 05.55.83.35.00<br \/><span style=\"color: #333399;\"><a style=\"color: #333399;\" href=\"mailto:agardom@agardom.fr\" target=\"_blank\" rel=\"noopener\">agardom@agardom.fr<\/a><\/span><\/p><p><span style=\"color: #333333;\"><strong>ATELIERS DE LA MINE<\/strong><\/span><br \/>2 Alle\u0301e de la mine<br \/>23150 LAVAVEIX-LES-MINES<\/p><p>Te\u0301l. : 05.55.62.17.02<\/p><p><span style=\"color: #333399;\"><a style=\"font-family: var( --e-global-typography-text-font-family ), Sans-serif; font-weight: var( --e-global-typography-text-font-weight ); font-size: 1rem; background-color: #ffffff; color: #333399;\" href=\"mailto:contact@lesateliersdelamine.tl\" target=\"_blank\" rel=\"noopener\">contact@lesateliersdelamine.tl<\/a><\/span><\/p><\/div><div title=\"Page 4\"><div><div><h4><span style=\"color: #008080;\"><u>LIENS UTILES<\/u><\/span><\/h4><p><span style=\"color: #333333;\"><strong>TRANSPORTS<\/strong><\/span><br \/><span style=\"color: #333399;\"><a style=\"color: #333399;\" href=\"https:\/\/transports.nouvelle-aquitaine.fr\" target=\"_blank\" rel=\"noopener\">https:\/\/transports.nouvelle-aquitaine.fr<\/a><\/span><\/p><p><span style=\"color: #333333;\"><strong>TRIBUNAL JUDICIAIRE DE GUERET<\/strong><\/span><br \/>Te\u0301l. : 05.87.56.20.87<br \/><span style=\"color: #333399;\"><a style=\"color: #333399;\" href=\"http:\/\/www.justice.gouv.fr\" target=\"_blank\" rel=\"noopener\">www.justice.gouv.fr<\/a><\/span><\/p><p><span style=\"color: #333333;\"><strong>PREFECTURE DE LA CREUSE<\/strong><\/span><br \/>4 Place Louis Lacrocq, 23000 Gue\u0301ret &#8211; Te\u0301l. : 05 55 51 59 00 <span style=\"color: #333399;\"><a style=\"color: #333399;\" href=\"http:\/\/www.creuse.gouv.fr\" target=\"_blank\" rel=\"noopener\">www.creuse.gouv.fr<\/a><\/span><\/p><p><span style=\"color: #333333;\"><strong>SOUS-PREFECTURE DE LA CREUSE<\/strong><\/span><br \/>5 Rue Saint-Jean, 23200 Aubusson &#8211; Te\u0301l. : 05 55 51 59 00<\/p><p><span style=\"color: #333333;\"><strong>CENTRE DES FINANCES PUBLIQUES<\/strong><\/span><br \/>1 Alle\u0301e Jean Marie Couturier, 23200 Aubusson &#8211; Te\u0301l. : 05 55 83 41 00<br \/><span style=\"color: #333399;\"><a style=\"color: #333399;\" href=\"http:\/\/www.impots.gouv.fr\" target=\"_blank\" rel=\"noopener\">www.impots.gouv.fr<\/a><\/span><\/p><p><span style=\"color: #333333;\"><strong>CAISSE PRIMAIRE D&rsquo;ASSURANCE MALADIE (C.P.A.M.) DE LA CREUSE<\/strong><\/span><br \/>Rue Marcel Brunet, 23014 Gue\u0301ret<br \/>Te\u0301l. : 08 11 70 36 46 ou\u00a036 46<span style=\"color: #333399;\"> <a style=\"color: #333399;\" href=\"http:\/\/www.ameli.fr\" target=\"_blank\" rel=\"noopener\">www.ameli.fr<\/a><\/span><\/p><p><span style=\"color: #333333;\"><strong>POLE EMPLOI<\/strong><\/span><br \/>19 Avenue Pierre Leroux Cs10145, 23000 Gue\u0301ret &#8211; Te\u0301l. : 09 72 72 39 49 ou\u00a0\u00a039 49<br \/><span style=\"color: #333399;\"><a style=\"color: #333399;\" href=\"http:\/\/www.pole-emploi.fr\" target=\"_blank\" rel=\"noopener\">www.pole-emploi.fr<\/a><\/span><\/p><p><span style=\"color: #333333;\"><strong>CONSEIL DEPARTEMENTAL DE LA CREUSE<\/strong><\/span><br \/>4 Place Louis Lacrocq, 23000 Gue\u0301ret<br \/>Te\u0301l. : 05 44 30 23 23<br \/><span style=\"color: #333399;\"><a style=\"color: #333399;\" href=\"http:\/\/www.creuse.fr\" target=\"_blank\" rel=\"noopener\">www.creuse.fr<\/a><\/span><\/p><p><span style=\"color: #333333;\"><strong>CONSEIL REGIONAL NOUVELLE AQUITAINE-MAISON DE LIMOGES<\/strong><\/span><br \/>CS 3116 cedex, 27 Boulevard de la Corderie 1,\u00a087000 Limoges<br \/>Te\u0301l. : 05 55 45 19 00<br \/><span style=\"color: #333399;\"><a style=\"color: #333399;\" href=\"http:\/\/www.nouvelle-aquitaine.fr\" target=\"_blank\" rel=\"noopener\">www.nouvelle-aquitaine.fr<\/a><\/span><\/p><p><span style=\"color: #333333;\"><strong>GENDARMERIE DE CHENERAILLES<\/strong><\/span><br \/>2 Route de Parsac, 23130 Che\u0301ne\u0301railles &#8211; Te\u0301l. 05 55 62 30 15 <span style=\"color: #333399;\"><a style=\"color: #333399;\" href=\"http:\/\/www.gendarmerie.interieur.gouv.fr\" target=\"_blank\" rel=\"noopener\">www.gendarmerie.interieur.gouv.fr<\/a><\/span><\/p><\/div><\/div><\/div><div title=\"Page 5\"><div><div><p><strong><span style=\"color: #333333;\">URGENCES ME\u0301DICALES<\/span><br \/><\/strong>Me\u0301decins de Garde T\u00e9l.\u00a0116 117<br \/>Centre AntiPoisons\u00a0Te\u0301l. 05 56 96 40 80<br \/>Pompiers\u00a0Te\u0301l. : 18<br \/>SAMU\u00a0Te\u0301l. 15<\/p><p><span style=\"color: #333333;\"><strong>CLINIQUES &amp; HO\u0302PITAUX<br \/><\/strong><strong>Centre hospitalier d\u2019AUBUSSON-Site Le Mont<\/strong><\/span><br \/>Rue Henri Dunant, 23200 Aubusson &#8211;\u00a0Te\u0301l.0555835050 <span style=\"color: #333399;\">&#8211;<a style=\"color: #333399;\" href=\"http:\/\/www.ch-aubusson.fr\" target=\"_blank\" rel=\"noopener\">www.ch-aubusson.fr<\/a><\/span><\/p><p><strong><span style=\"color: #333333;\">Centre hospitalier d\u2019AUBUSSON-Site La Croix Blanche<\/span><br \/><\/strong>3 Co\u0302te Ribie\u0300re, 23200 Moutier-Rozeille &#8211;\u00a0Te\u0301l. 05 55 83 60 60 &#8211; <span style=\"color: #333399;\"><a style=\"color: #333399;\" href=\"http:\/\/www.ch-aubusson.fr\" target=\"_blank\" rel=\"noopener\">www.ch-aubusson.fr<\/a><\/span><\/p><p><strong><span style=\"color: #333333;\">Centre hospitalier de GUERET<\/span><br \/><\/strong>39 Avenue de la Se\u0301natorerie, 23000 Gue\u0301ret &#8211;\u00a0Te\u0301l. 05 55 51 70 00 &#8211;\u00a0<a href=\"http:\/\/www.ch-gueret.fr\" target=\"_blank\" rel=\"noopener\"><span style=\"color: #333399;\">www.ch-gueret.fr<\/span><\/a><\/p><p><span style=\"color: #333333;\"><strong>DEPANNAGES :<br \/>Urgences E\u0301lectricite\u0301<\/strong><\/span>\u00a0Te\u0301l. 09 72 67 50 23<\/p><p><strong><span style=\"color: #333333;\">Urgences Eau<\/span>\u00a0<\/strong>Te\u0301l. 05 61 80 09 02 (Ve\u0301olia) \/\u00a0Te\u0301l. 118 707 (Lyonnaise des Eaux)<\/p><div title=\"Page 6\"><div><div><h4><span style=\"color: #333333;\">ACCES DECHETTERIE<\/span><\/h4><\/div><\/div><div><div><p>La de\u0301chetterie se situe sur la R.D. 55, entre Lavaveix-les-Mines et Che\u0301ne\u0301railles, (sur la commune de Saint- Pardoux-les-Cards)<br \/>Acce\u0300s re\u0301serve\u0301 aux habitants du territoire du SICTOM, munis d\u2019un laissez-passer de\u0301livre\u0301 en Mairie.<br \/>L\u2019apport de de\u0301chets est limite\u0301 a\u0300 2m3 par foyer.<\/p><div title=\"Page 6\"><div><div><p><strong>Horaires d\u2019HIVER<\/strong> :\u00a0Du 16 septembre au 14 juin<br \/>&#8211; Lundi de 8h a\u0300 12h<br \/>&#8211; Mercredi de 14h a\u0300 17h<br \/>&#8211; Samedi de 8h a\u0300 12h<\/p><div title=\"Page 6\"><div><div><div title=\"Page 6\"><div><div><p><strong>Horaires d\u2019ETE<\/strong> :\u00a0Du 15 juin au 15 septembre<br \/>&#8211; Lundi de 8h a\u0300 12h<br \/>&#8211; Mercredi de 14h a\u0300 17h<br \/>&#8211; Samedi de 8h a\u0300 12h et de 13h a\u0300 16h<\/p><p><a href=\"https:\/\/www.saint-medard-la-rochette.fr\/wp-content\/uploads\/2024\/05\/SICTOM-Reglement-des-dechets.pdf\" target=\"_blank\" rel=\"noopener\">SICTOM-R\u00e8glement des d\u00e9chets<\/a><\/p><\/div><\/div><\/div><\/div><\/div><\/div><\/div><\/div><\/div><\/div><\/div><\/div><\/div><\/div><\/div>\t\t\t\t\t\t\t\t<\/div>\n\t\t\t\t<\/div>\n\t\t\t\t\t<\/div>\n\t\t<\/div>\n\t\t\t\t\t<\/div>\n\t\t<\/section>\n\t\t\t\t<\/div>\n\t\t","protected":false},"excerpt":{"rendered":"<p>CARTES D&rsquo;IDENTIT\u00c9 Depuis 2017, toute demande de carte, qu\u2019il s\u2019agisse d\u2019une premie\u0300re fois ou d\u2019un renouvellement, est traite\u0301e par une Mairie e\u0301quipe\u0301e d\u2019une station biome\u0301trique, comme pour les passeports.11 Mairies creusoises sont e\u0301quipe\u0301es de ce dispositif : AHUN, AUBUSSON, AUZANCES, BONNAT, BOURGA-NEUF, BOUSSAC, CHAMBON-SUR-VOUEIZE, CROCQ, GENTIOUX-PIGEROLLES, GUERET et LA SOUTERRAINE. Gagnez du temps en remplissant [&hellip;]<\/p>\n","protected":false},"author":1,"featured_media":0,"parent":0,"menu_order":0,"comment_status":"closed","ping_status":"closed","template":"elementor_header_footer","meta":{"_monsterinsights_skip_tracking":false,"_monsterinsights_sitenote_active":false,"_monsterinsights_sitenote_note":"","_monsterinsights_sitenote_category":0,"footnotes":""},"class_list":["post-31","page","type-page","status-publish","hentry"],"yoast_head":"<!-- This site is optimized with the Yoast SEO plugin v27.5 - https:\/\/yoast.com\/product\/yoast-seo-wordpress\/ -->\n<title>Pratique - saint-medard-la-rochette<\/title>\n<meta name=\"robots\" content=\"index, follow, max-snippet:-1, max-image-preview:large, max-video-preview:-1\" \/>\n<link rel=\"canonical\" href=\"https:\/\/www.saint-medard-la-rochette.fr\/?page_id=31\" \/>\n<meta property=\"og:locale\" content=\"fr_FR\" \/>\n<meta property=\"og:type\" content=\"article\" \/>\n<meta property=\"og:title\" content=\"Pratique - saint-medard-la-rochette\" \/>\n<meta property=\"og:description\" content=\"CARTES D&rsquo;IDENTIT\u00c9 Depuis 2017, toute demande de carte, qu\u2019il s\u2019agisse d\u2019une premie\u0300re fois ou d\u2019un renouvellement, est traite\u0301e par une Mairie e\u0301quipe\u0301e d\u2019une station biome\u0301trique, comme pour les passeports.11 Mairies creusoises sont e\u0301quipe\u0301es de ce dispositif : AHUN, AUBUSSON, AUZANCES, BONNAT, BOURGA-NEUF, BOUSSAC, CHAMBON-SUR-VOUEIZE, CROCQ, GENTIOUX-PIGEROLLES, GUERET et LA SOUTERRAINE. Gagnez du temps en remplissant [&hellip;]\" \/>\n<meta property=\"og:url\" content=\"https:\/\/www.saint-medard-la-rochette.fr\/?page_id=31\" \/>\n<meta property=\"og:site_name\" content=\"saint-medard-la-rochette\" \/>\n<meta property=\"article:modified_time\" content=\"2025-02-07T12:40:44+00:00\" \/>\n<meta property=\"og:image\" content=\"https:\/\/www.saint-medard-la-rochette.fr\/wp-content\/uploads\/2025\/02\/1200x630_Billboard_23220_commune_23200.png\" \/>\n\t<meta property=\"og:image:width\" content=\"1200\" \/>\n\t<meta property=\"og:image:height\" content=\"630\" \/>\n\t<meta property=\"og:image:type\" content=\"image\/png\" \/>\n<meta name=\"twitter:card\" content=\"summary_large_image\" \/>\n<meta name=\"twitter:label1\" content=\"Dur\u00e9e de lecture estim\u00e9e\" \/>\n\t<meta name=\"twitter:data1\" content=\"4 minutes\" \/>\n<script type=\"application\/ld+json\" class=\"yoast-schema-graph\">{\"@context\":\"https:\\\/\\\/schema.org\",\"@graph\":[{\"@type\":\"WebPage\",\"@id\":\"https:\\\/\\\/www.saint-medard-la-rochette.fr\\\/?page_id=31\",\"url\":\"https:\\\/\\\/www.saint-medard-la-rochette.fr\\\/?page_id=31\",\"name\":\"Pratique - saint-medard-la-rochette\",\"isPartOf\":{\"@id\":\"https:\\\/\\\/www.saint-medard-la-rochette.fr\\\/#website\"},\"primaryImageOfPage\":{\"@id\":\"https:\\\/\\\/www.saint-medard-la-rochette.fr\\\/?page_id=31#primaryimage\"},\"image\":{\"@id\":\"https:\\\/\\\/www.saint-medard-la-rochette.fr\\\/?page_id=31#primaryimage\"},\"thumbnailUrl\":\"https:\\\/\\\/www.saint-medard-la-rochette.fr\\\/wp-content\\\/uploads\\\/2025\\\/02\\\/1200x630_Billboard_23220_commune_23200-300x158.png\",\"datePublished\":\"2021-09-22T16:32:20+00:00\",\"dateModified\":\"2025-02-07T12:40:44+00:00\",\"breadcrumb\":{\"@id\":\"https:\\\/\\\/www.saint-medard-la-rochette.fr\\\/?page_id=31#breadcrumb\"},\"inLanguage\":\"fr-FR\",\"potentialAction\":[{\"@type\":\"ReadAction\",\"target\":[\"https:\\\/\\\/www.saint-medard-la-rochette.fr\\\/?page_id=31\"]}]},{\"@type\":\"ImageObject\",\"inLanguage\":\"fr-FR\",\"@id\":\"https:\\\/\\\/www.saint-medard-la-rochette.fr\\\/?page_id=31#primaryimage\",\"url\":\"https:\\\/\\\/www.saint-medard-la-rochette.fr\\\/wp-content\\\/uploads\\\/2025\\\/02\\\/1200x630_Billboard_23220_commune_23200.png\",\"contentUrl\":\"https:\\\/\\\/www.saint-medard-la-rochette.fr\\\/wp-content\\\/uploads\\\/2025\\\/02\\\/1200x630_Billboard_23220_commune_23200.png\",\"width\":1200,\"height\":630},{\"@type\":\"BreadcrumbList\",\"@id\":\"https:\\\/\\\/www.saint-medard-la-rochette.fr\\\/?page_id=31#breadcrumb\",\"itemListElement\":[{\"@type\":\"ListItem\",\"position\":1,\"name\":\"Accueil\",\"item\":\"https:\\\/\\\/www.saint-medard-la-rochette.fr\\\/\"},{\"@type\":\"ListItem\",\"position\":2,\"name\":\"Pratique\"}]},{\"@type\":\"WebSite\",\"@id\":\"https:\\\/\\\/www.saint-medard-la-rochette.fr\\\/#website\",\"url\":\"https:\\\/\\\/www.saint-medard-la-rochette.fr\\\/\",\"name\":\"saint-medard-la-rochette\",\"description\":\"Le site de la mairie de saint-medard-la-rochette\",\"publisher\":{\"@id\":\"https:\\\/\\\/www.saint-medard-la-rochette.fr\\\/#organization\"},\"potentialAction\":[{\"@type\":\"SearchAction\",\"target\":{\"@type\":\"EntryPoint\",\"urlTemplate\":\"https:\\\/\\\/www.saint-medard-la-rochette.fr\\\/?s={search_term_string}\"},\"query-input\":{\"@type\":\"PropertyValueSpecification\",\"valueRequired\":true,\"valueName\":\"search_term_string\"}}],\"inLanguage\":\"fr-FR\"},{\"@type\":\"Organization\",\"@id\":\"https:\\\/\\\/www.saint-medard-la-rochette.fr\\\/#organization\",\"name\":\"saint-medard-la-rochette\",\"url\":\"https:\\\/\\\/www.saint-medard-la-rochette.fr\\\/\",\"logo\":{\"@type\":\"ImageObject\",\"inLanguage\":\"fr-FR\",\"@id\":\"https:\\\/\\\/www.saint-medard-la-rochette.fr\\\/#\\\/schema\\\/logo\\\/image\\\/\",\"url\":\"https:\\\/\\\/www.saint-medard-la-rochette.fr\\\/wp-content\\\/uploads\\\/2021\\\/09\\\/cropped-Fichier-1.png\",\"contentUrl\":\"https:\\\/\\\/www.saint-medard-la-rochette.fr\\\/wp-content\\\/uploads\\\/2021\\\/09\\\/cropped-Fichier-1.png\",\"width\":397,\"height\":49,\"caption\":\"saint-medard-la-rochette\"},\"image\":{\"@id\":\"https:\\\/\\\/www.saint-medard-la-rochette.fr\\\/#\\\/schema\\\/logo\\\/image\\\/\"}}]}<\/script>\n<!-- \/ Yoast SEO plugin. -->","yoast_head_json":{"title":"Pratique - saint-medard-la-rochette","robots":{"index":"index","follow":"follow","max-snippet":"max-snippet:-1","max-image-preview":"max-image-preview:large","max-video-preview":"max-video-preview:-1"},"canonical":"https:\/\/www.saint-medard-la-rochette.fr\/?page_id=31","og_locale":"fr_FR","og_type":"article","og_title":"Pratique - saint-medard-la-rochette","og_description":"CARTES D&rsquo;IDENTIT\u00c9 Depuis 2017, toute demande de carte, qu\u2019il s\u2019agisse d\u2019une premie\u0300re fois ou d\u2019un renouvellement, est traite\u0301e par une Mairie e\u0301quipe\u0301e d\u2019une station biome\u0301trique, comme pour les passeports.11 Mairies creusoises sont e\u0301quipe\u0301es de ce dispositif : AHUN, AUBUSSON, AUZANCES, BONNAT, BOURGA-NEUF, BOUSSAC, CHAMBON-SUR-VOUEIZE, CROCQ, GENTIOUX-PIGEROLLES, GUERET et LA SOUTERRAINE. Gagnez du temps en remplissant [&hellip;]","og_url":"https:\/\/www.saint-medard-la-rochette.fr\/?page_id=31","og_site_name":"saint-medard-la-rochette","article_modified_time":"2025-02-07T12:40:44+00:00","og_image":[{"width":1200,"height":630,"url":"https:\/\/www.saint-medard-la-rochette.fr\/wp-content\/uploads\/2025\/02\/1200x630_Billboard_23220_commune_23200.png","type":"image\/png"}],"twitter_card":"summary_large_image","twitter_misc":{"Dur\u00e9e de lecture estim\u00e9e":"4 minutes"},"schema":{"@context":"https:\/\/schema.org","@graph":[{"@type":"WebPage","@id":"https:\/\/www.saint-medard-la-rochette.fr\/?page_id=31","url":"https:\/\/www.saint-medard-la-rochette.fr\/?page_id=31","name":"Pratique - saint-medard-la-rochette","isPartOf":{"@id":"https:\/\/www.saint-medard-la-rochette.fr\/#website"},"primaryImageOfPage":{"@id":"https:\/\/www.saint-medard-la-rochette.fr\/?page_id=31#primaryimage"},"image":{"@id":"https:\/\/www.saint-medard-la-rochette.fr\/?page_id=31#primaryimage"},"thumbnailUrl":"https:\/\/www.saint-medard-la-rochette.fr\/wp-content\/uploads\/2025\/02\/1200x630_Billboard_23220_commune_23200-300x158.png","datePublished":"2021-09-22T16:32:20+00:00","dateModified":"2025-02-07T12:40:44+00:00","breadcrumb":{"@id":"https:\/\/www.saint-medard-la-rochette.fr\/?page_id=31#breadcrumb"},"inLanguage":"fr-FR","potentialAction":[{"@type":"ReadAction","target":["https:\/\/www.saint-medard-la-rochette.fr\/?page_id=31"]}]},{"@type":"ImageObject","inLanguage":"fr-FR","@id":"https:\/\/www.saint-medard-la-rochette.fr\/?page_id=31#primaryimage","url":"https:\/\/www.saint-medard-la-rochette.fr\/wp-content\/uploads\/2025\/02\/1200x630_Billboard_23220_commune_23200.png","contentUrl":"https:\/\/www.saint-medard-la-rochette.fr\/wp-content\/uploads\/2025\/02\/1200x630_Billboard_23220_commune_23200.png","width":1200,"height":630},{"@type":"BreadcrumbList","@id":"https:\/\/www.saint-medard-la-rochette.fr\/?page_id=31#breadcrumb","itemListElement":[{"@type":"ListItem","position":1,"name":"Accueil","item":"https:\/\/www.saint-medard-la-rochette.fr\/"},{"@type":"ListItem","position":2,"name":"Pratique"}]},{"@type":"WebSite","@id":"https:\/\/www.saint-medard-la-rochette.fr\/#website","url":"https:\/\/www.saint-medard-la-rochette.fr\/","name":"saint-medard-la-rochette","description":"Le site de la mairie de saint-medard-la-rochette","publisher":{"@id":"https:\/\/www.saint-medard-la-rochette.fr\/#organization"},"potentialAction":[{"@type":"SearchAction","target":{"@type":"EntryPoint","urlTemplate":"https:\/\/www.saint-medard-la-rochette.fr\/?s={search_term_string}"},"query-input":{"@type":"PropertyValueSpecification","valueRequired":true,"valueName":"search_term_string"}}],"inLanguage":"fr-FR"},{"@type":"Organization","@id":"https:\/\/www.saint-medard-la-rochette.fr\/#organization","name":"saint-medard-la-rochette","url":"https:\/\/www.saint-medard-la-rochette.fr\/","logo":{"@type":"ImageObject","inLanguage":"fr-FR","@id":"https:\/\/www.saint-medard-la-rochette.fr\/#\/schema\/logo\/image\/","url":"https:\/\/www.saint-medard-la-rochette.fr\/wp-content\/uploads\/2021\/09\/cropped-Fichier-1.png","contentUrl":"https:\/\/www.saint-medard-la-rochette.fr\/wp-content\/uploads\/2021\/09\/cropped-Fichier-1.png","width":397,"height":49,"caption":"saint-medard-la-rochette"},"image":{"@id":"https:\/\/www.saint-medard-la-rochette.fr\/#\/schema\/logo\/image\/"}}]}},"_links":{"self":[{"href":"https:\/\/www.saint-medard-la-rochette.fr\/index.php?rest_route=\/wp\/v2\/pages\/31","targetHints":{"allow":["GET"]}}],"collection":[{"href":"https:\/\/www.saint-medard-la-rochette.fr\/index.php?rest_route=\/wp\/v2\/pages"}],"about":[{"href":"https:\/\/www.saint-medard-la-rochette.fr\/index.php?rest_route=\/wp\/v2\/types\/page"}],"author":[{"embeddable":true,"href":"https:\/\/www.saint-medard-la-rochette.fr\/index.php?rest_route=\/wp\/v2\/users\/1"}],"replies":[{"embeddable":true,"href":"https:\/\/www.saint-medard-la-rochette.fr\/index.php?rest_route=%2Fwp%2Fv2%2Fcomments&post=31"}],"version-history":[{"count":73,"href":"https:\/\/www.saint-medard-la-rochette.fr\/index.php?rest_route=\/wp\/v2\/pages\/31\/revisions"}],"predecessor-version":[{"id":1460,"href":"https:\/\/www.saint-medard-la-rochette.fr\/index.php?rest_route=\/wp\/v2\/pages\/31\/revisions\/1460"}],"wp:attachment":[{"href":"https:\/\/www.saint-medard-la-rochette.fr\/index.php?rest_route=%2Fwp%2Fv2%2Fmedia&parent=31"}],"curies":[{"name":"wp","href":"https:\/\/api.w.org\/{rel}","templated":true}]}}