{"id":37,"date":"2021-09-22T16:34:07","date_gmt":"2021-09-22T16:34:07","guid":{"rendered":"https:\/\/www.saint-medard-la-rochette.fr\/?page_id=37"},"modified":"2025-12-31T07:36:16","modified_gmt":"2025-12-31T07:36:16","slug":"entreprises-artisans","status":"publish","type":"page","link":"https:\/\/www.saint-medard-la-rochette.fr\/?page_id=37","title":{"rendered":"Entreprises \/ Artisans"},"content":{"rendered":"\t\t<div data-elementor-type=\"wp-page\" data-elementor-id=\"37\" class=\"elementor elementor-37\">\n\t\t\t\t\t\t<section class=\"elementor-section elementor-top-section elementor-element elementor-element-e1f918a elementor-section-boxed elementor-section-height-default elementor-section-height-default\" data-id=\"e1f918a\" data-element_type=\"section\" data-e-type=\"section\">\n\t\t\t\t\t\t<div class=\"elementor-container elementor-column-gap-default\">\n\t\t\t\t\t<div class=\"elementor-column elementor-col-100 elementor-top-column elementor-element elementor-element-5071ce2\" data-id=\"5071ce2\" data-element_type=\"column\" data-e-type=\"column\">\n\t\t\t<div class=\"elementor-widget-wrap elementor-element-populated\">\n\t\t\t\t\t\t<div class=\"elementor-element elementor-element-dff2401 elementor-widget__width-initial elementor-absolute elementor-widget elementor-widget-heading\" data-id=\"dff2401\" data-element_type=\"widget\" data-e-type=\"widget\" data-settings=\"{&quot;_position&quot;:&quot;absolute&quot;}\" data-widget_type=\"heading.default\">\n\t\t\t\t<div class=\"elementor-widget-container\">\n\t\t\t\t\t<h2 class=\"elementor-heading-title elementor-size-default\">Entreprises et Artisans<\/h2>\t\t\t\t<\/div>\n\t\t\t\t<\/div>\n\t\t\t\t<div class=\"elementor-element elementor-element-b419620 elementor-widget elementor-widget-image\" data-id=\"b419620\" data-element_type=\"widget\" data-e-type=\"widget\" data-widget_type=\"image.default\">\n\t\t\t\t<div class=\"elementor-widget-container\">\n\t\t\t\t\t\t\t\t\t\t\t\t\t\t\t<img fetchpriority=\"high\" decoding=\"async\" width=\"800\" height=\"600\" src=\"https:\/\/www.saint-medard-la-rochette.fr\/wp-content\/uploads\/2022\/05\/cid_91e617d3-13bf-44b1-9e7f-01d5078fb896-1024x768.jpg\" class=\"attachment-large size-large wp-image-470\" alt=\"\" srcset=\"https:\/\/www.saint-medard-la-rochette.fr\/wp-content\/uploads\/2022\/05\/cid_91e617d3-13bf-44b1-9e7f-01d5078fb896-1024x768.jpg 1024w, https:\/\/www.saint-medard-la-rochette.fr\/wp-content\/uploads\/2022\/05\/cid_91e617d3-13bf-44b1-9e7f-01d5078fb896-300x225.jpg 300w, https:\/\/www.saint-medard-la-rochette.fr\/wp-content\/uploads\/2022\/05\/cid_91e617d3-13bf-44b1-9e7f-01d5078fb896-768x576.jpg 768w, https:\/\/www.saint-medard-la-rochette.fr\/wp-content\/uploads\/2022\/05\/cid_91e617d3-13bf-44b1-9e7f-01d5078fb896-1536x1152.jpg 1536w, https:\/\/www.saint-medard-la-rochette.fr\/wp-content\/uploads\/2022\/05\/cid_91e617d3-13bf-44b1-9e7f-01d5078fb896-2048x1536.jpg 2048w\" sizes=\"(max-width: 800px) 100vw, 800px\" \/>\t\t\t\t\t\t\t\t\t\t\t\t\t\t\t<\/div>\n\t\t\t\t<\/div>\n\t\t\t\t\t<\/div>\n\t\t<\/div>\n\t\t\t\t\t<\/div>\n\t\t<\/section>\n\t\t\t\t<section class=\"elementor-section elementor-top-section elementor-element elementor-element-870c4b3 elementor-section-boxed elementor-section-height-default elementor-section-height-default\" data-id=\"870c4b3\" data-element_type=\"section\" data-e-type=\"section\">\n\t\t\t\t\t\t<div class=\"elementor-container elementor-column-gap-default\">\n\t\t\t\t\t<div class=\"elementor-column elementor-col-100 elementor-top-column elementor-element elementor-element-55adab4\" data-id=\"55adab4\" data-element_type=\"column\" data-e-type=\"column\">\n\t\t\t<div class=\"elementor-widget-wrap elementor-element-populated\">\n\t\t\t\t\t\t<div class=\"elementor-element elementor-element-25e21a5 elementor-widget elementor-widget-text-editor\" data-id=\"25e21a5\" data-element_type=\"widget\" data-e-type=\"widget\" data-widget_type=\"text-editor.default\">\n\t\t\t\t<div class=\"elementor-widget-container\">\n\t\t\t\t\t\t\t\t\t<p><span style=\"color: #333399;\"><a style=\"color: #333399;\" href=\"https:\/\/www.facebook.com\/profile.php?id=100088287288891#\" target=\"_blank\" rel=\"noopener\"><strong>ARCANE-BOTANICA<\/strong><\/a><\/span><br \/><em>Artisan tisanier, herboristerie et curiosit\u00e9s v\u00e9g\u00e9tales<\/em><br \/>10 route de Courcelles<\/p><p><span style=\"color: #333333;\"><strong>AUDOUZE Francis<\/strong><\/span> <br \/><em>Entretien b\u00e2timent, Petits bricolages<\/em><br \/>23 rue de l\u2019Eglise &#8211; 05 55 66 27 00<\/p><p><span style=\"color: #000000;\"><strong>BOUILLOT Philippe<\/strong><\/span> <br \/><em>Electricit\u00e9 G\u00e9n\u00e9rale, Installation neuve, R\u00e9novation, D\u00e9pannage, Pl\u00e2tre, Isolation, Cloison<\/em> <br \/>14 Puy Mercier &#8211; 05 55 83 05 37<\/p><p><span style=\"color: #000000;\"><strong>DESTEREL<\/strong><\/span> <br \/><em>Carrosserie, Peinture, Entretien, R\u00e9paration, Pr\u00eat de v\u00e9hicule<\/em> <br \/>3 Impasse de la Gare, Fourneaux &#8211; 05 55 66 33 66<\/p><p><span style=\"color: #333333;\"><strong>FORGE VANTARREN<\/strong><\/span><br \/><em>Ferronnier d&rsquo;art, serrurier m\u00e9tallier<\/em><br \/>Bourg de St M\u00e9dard &#8211; 06 41 59 41 32<\/p><p><span style=\"color: #333399;\"><a style=\"color: #333399;\" href=\"https:\/\/www.facebook.com\/p\/PG-AUTO-23-100089038515588\/\" target=\"_blank\" rel=\"noopener\"><strong>SARL PG AUTO 23<\/strong><\/a><\/span><br \/><em>R\u00e9paration, entretien<\/em><br \/>Fourneaux &#8211; 05 55 83 00 08<\/p><p><span style=\"color: #333333;\"><strong>JCF METAL<\/strong><\/span> <br \/><em>Vente, acier, tournage, fraisage, cr\u00e9ation tous produits<\/em> <br \/>4 Luche &#8211; 06 70 30 11 65<\/p><p><span style=\"color: #333333;\"><strong>LARUE Fabien<\/strong><\/span> <br \/><em>Pose de cloisons s\u00e8ches, Isolation, Peinture, Papier Peint, Rev\u00eatements sols et murs<\/em> <br \/>9 Chadi\u00e9ras &#8211; 06 32 45 28 63<\/p><p><span style=\"color: #333333;\"><strong>LATOUR SAS<\/strong><\/span> <br \/><em>Couverture, Charpente, Zinguerie, Isolation, D\u00e9moussage<\/em> <br \/>17 Vaurousset &#8211; 05 55 67 16 90<\/p><p><span style=\"color: #333333;\"><strong>MATHIVET Franck<\/strong><\/span> <br \/><em>Ma\u00e7onnerie, R\u00e9novation<\/em> <br \/>1 bis Meillard &#8211; 06 21 74 06 92<\/p><p><span style=\"color: #333333;\"><strong>MATHIVET Steven<\/strong><\/span> <br \/><em>R\u00e9cup\u00e9ration \u00e9pave, \u00e9lectrom\u00e9nager, batterie, cuivre, zinc&#8230;<\/em> <br \/>Meillard &#8211; 06 48 08 30 01<\/p><p><span style=\"color: #333333;\"><strong>MARCINIAK Dominique<\/strong><\/span> <br \/><em>Electricit\u00e9 G\u00e9n\u00e9rale, Plomberie, Sanitaire, Chauffage<\/em> <br \/>12 Lioreix &#8211; 05 55 66 37 62 ou 06 87 53 97 70<\/p><p><span style=\"color: #333399;\"><a style=\"color: #333399;\" href=\"https:\/\/meli-meli.fr\/\" target=\"_blank\" rel=\"noopener\"><strong>MELI MELI<\/strong><\/a><\/span><br \/><em>Miel de fleurs<\/em><br \/>06 95 20 90 10<\/p><p><span style=\"color: #333333;\"><strong>PAYSAGE23<\/strong><\/span> <br \/><em>Cr\u00e9ation, am\u00e9nagement et entretien de parcs<\/em> <br \/>Les Chambons Hauts &#8211; 05 55 66 27 44 ou 06 46 29 54 27<\/p><p><span style=\"color: #333333;\"><strong>POMMEREUL Micka\u00ebl<\/strong><\/span><br \/><em>Vente de l\u00e9gumes<\/em> <br \/>1 Vaurousset &#8211; 06 42 75 50 17<\/p><p><span style=\"color: #333333;\"><strong>RAYNAUD Christian<\/strong><\/span> <br \/><em>Ma\u00e7onnerie G\u00e9n\u00e9rale, R\u00e9novation, Travaux neufs<\/em> <br \/>3 Courcelles &#8211; 05 55 83 00 69<\/p><p><span style=\"color: #333399;\"><a style=\"color: #333399;\" href=\"https:\/\/www.sarlaudouze.com\/\" target=\"_blank\" rel=\"noopener\"><strong>SARL AUDOUZE<\/strong><\/a><\/span> <br \/><em>Couverture, Charpente, Zinguerie, Menuiserie, Auvent, Isolation Bardage, Mezzaline, Balcon, Fen\u00eatres, Lucarnes, Pancher&#8230;<\/em> <br \/>2 route de Lavaveix-les-Mines, Fourneaux &#8211; 05 55 66 27 35<\/p><p><span style=\"color: #333333;\"><strong>VANDERPOL Brigitte<\/strong><\/span><br \/><span style=\"color: #333399;\"><a style=\"color: #333399;\" href=\"https:\/\/chant.brigittevanderpol.fr\/\" target=\"_blank\" rel=\"noopener\"><em>Cours de chant<\/em><\/a><\/span><\/p><p><span style=\"color: #333399;\"><a style=\"color: #333399;\" href=\"https:\/\/massage.brigittevanderpol.fr\/\" target=\"_blank\" rel=\"noopener\"><em>Th\u00e9rapeute en m\u00e9decine naturelle, psycho-\u00e9nergie et massages<\/em><\/a><\/span><\/p><p>2 rue de l&rsquo;Eglise<\/p><p>06 61 88 47 18<\/p><p><span style=\"color: #333333;\"><strong>VITALIT\u00c9 ZEN<\/strong><\/span> <br \/><em>Praticienne relaxologue certifi\u00e9e<\/em> <br \/>06 64 37 51 95<\/p><p><strong>VIA VITAE<\/strong> <br \/><em>Hypnose, PNL, Reiki<\/em> <br \/>06 09 72 20 86<\/p>\t\t\t\t\t\t\t\t<\/div>\n\t\t\t\t<\/div>\n\t\t\t\t\t<\/div>\n\t\t<\/div>\n\t\t\t\t\t<\/div>\n\t\t<\/section>\n\t\t\t\t<\/div>\n\t\t","protected":false},"excerpt":{"rendered":"<p>Entreprises et Artisans ARCANE-BOTANICAArtisan tisanier, herboristerie et curiosit\u00e9s v\u00e9g\u00e9tales10 route de Courcelles AUDOUZE Francis Entretien b\u00e2timent, Petits bricolages23 rue de l\u2019Eglise &#8211; 05 55 66 27 00 BOUILLOT Philippe Electricit\u00e9 G\u00e9n\u00e9rale, Installation neuve, R\u00e9novation, D\u00e9pannage, Pl\u00e2tre, Isolation, Cloison 14 Puy Mercier &#8211; 05 55 83 05 37 DESTEREL Carrosserie, Peinture, Entretien, R\u00e9paration, Pr\u00eat de v\u00e9hicule [&hellip;]<\/p>\n","protected":false},"author":1,"featured_media":0,"parent":0,"menu_order":0,"comment_status":"closed","ping_status":"closed","template":"elementor_header_footer","meta":{"_monsterinsights_skip_tracking":false,"_monsterinsights_sitenote_active":false,"_monsterinsights_sitenote_note":"","_monsterinsights_sitenote_category":0,"footnotes":""},"class_list":["post-37","page","type-page","status-publish","hentry"],"yoast_head":"<!-- This site is optimized with the Yoast SEO plugin v27.5 - https:\/\/yoast.com\/product\/yoast-seo-wordpress\/ -->\n<title>Entreprises \/ Artisans - saint-medard-la-rochette<\/title>\n<meta name=\"robots\" content=\"index, follow, max-snippet:-1, max-image-preview:large, max-video-preview:-1\" \/>\n<link rel=\"canonical\" href=\"https:\/\/www.saint-medard-la-rochette.fr\/?page_id=37\" \/>\n<meta property=\"og:locale\" content=\"fr_FR\" \/>\n<meta property=\"og:type\" content=\"article\" \/>\n<meta property=\"og:title\" content=\"Entreprises \/ Artisans - saint-medard-la-rochette\" \/>\n<meta property=\"og:description\" content=\"Entreprises et Artisans ARCANE-BOTANICAArtisan tisanier, herboristerie et curiosit\u00e9s v\u00e9g\u00e9tales10 route de Courcelles AUDOUZE Francis Entretien b\u00e2timent, Petits bricolages23 rue de l\u2019Eglise &#8211; 05 55 66 27 00 BOUILLOT Philippe Electricit\u00e9 G\u00e9n\u00e9rale, Installation neuve, R\u00e9novation, D\u00e9pannage, Pl\u00e2tre, Isolation, Cloison 14 Puy Mercier &#8211; 05 55 83 05 37 DESTEREL Carrosserie, Peinture, Entretien, R\u00e9paration, Pr\u00eat de v\u00e9hicule [&hellip;]\" \/>\n<meta property=\"og:url\" content=\"https:\/\/www.saint-medard-la-rochette.fr\/?page_id=37\" \/>\n<meta property=\"og:site_name\" content=\"saint-medard-la-rochette\" \/>\n<meta property=\"article:modified_time\" content=\"2025-12-31T07:36:16+00:00\" \/>\n<meta property=\"og:image\" content=\"https:\/\/www.saint-medard-la-rochette.fr\/wp-content\/uploads\/2022\/05\/cid_91e617d3-13bf-44b1-9e7f-01d5078fb896-scaled.jpg\" \/>\n\t<meta property=\"og:image:width\" content=\"2560\" \/>\n\t<meta property=\"og:image:height\" content=\"1920\" \/>\n\t<meta property=\"og:image:type\" content=\"image\/jpeg\" \/>\n<meta name=\"twitter:card\" content=\"summary_large_image\" \/>\n<meta name=\"twitter:label1\" content=\"Dur\u00e9e de lecture estim\u00e9e\" \/>\n\t<meta name=\"twitter:data1\" content=\"2 minutes\" \/>\n<script type=\"application\/ld+json\" class=\"yoast-schema-graph\">{\"@context\":\"https:\\\/\\\/schema.org\",\"@graph\":[{\"@type\":\"WebPage\",\"@id\":\"https:\\\/\\\/www.saint-medard-la-rochette.fr\\\/?page_id=37\",\"url\":\"https:\\\/\\\/www.saint-medard-la-rochette.fr\\\/?page_id=37\",\"name\":\"Entreprises \\\/ Artisans - saint-medard-la-rochette\",\"isPartOf\":{\"@id\":\"https:\\\/\\\/www.saint-medard-la-rochette.fr\\\/#website\"},\"primaryImageOfPage\":{\"@id\":\"https:\\\/\\\/www.saint-medard-la-rochette.fr\\\/?page_id=37#primaryimage\"},\"image\":{\"@id\":\"https:\\\/\\\/www.saint-medard-la-rochette.fr\\\/?page_id=37#primaryimage\"},\"thumbnailUrl\":\"https:\\\/\\\/www.saint-medard-la-rochette.fr\\\/wp-content\\\/uploads\\\/2022\\\/05\\\/cid_91e617d3-13bf-44b1-9e7f-01d5078fb896-1024x768.jpg\",\"datePublished\":\"2021-09-22T16:34:07+00:00\",\"dateModified\":\"2025-12-31T07:36:16+00:00\",\"breadcrumb\":{\"@id\":\"https:\\\/\\\/www.saint-medard-la-rochette.fr\\\/?page_id=37#breadcrumb\"},\"inLanguage\":\"fr-FR\",\"potentialAction\":[{\"@type\":\"ReadAction\",\"target\":[\"https:\\\/\\\/www.saint-medard-la-rochette.fr\\\/?page_id=37\"]}]},{\"@type\":\"ImageObject\",\"inLanguage\":\"fr-FR\",\"@id\":\"https:\\\/\\\/www.saint-medard-la-rochette.fr\\\/?page_id=37#primaryimage\",\"url\":\"https:\\\/\\\/www.saint-medard-la-rochette.fr\\\/wp-content\\\/uploads\\\/2022\\\/05\\\/cid_91e617d3-13bf-44b1-9e7f-01d5078fb896-scaled.jpg\",\"contentUrl\":\"https:\\\/\\\/www.saint-medard-la-rochette.fr\\\/wp-content\\\/uploads\\\/2022\\\/05\\\/cid_91e617d3-13bf-44b1-9e7f-01d5078fb896-scaled.jpg\",\"width\":2560,\"height\":1920},{\"@type\":\"BreadcrumbList\",\"@id\":\"https:\\\/\\\/www.saint-medard-la-rochette.fr\\\/?page_id=37#breadcrumb\",\"itemListElement\":[{\"@type\":\"ListItem\",\"position\":1,\"name\":\"Accueil\",\"item\":\"https:\\\/\\\/www.saint-medard-la-rochette.fr\\\/\"},{\"@type\":\"ListItem\",\"position\":2,\"name\":\"Entreprises \\\/ Artisans\"}]},{\"@type\":\"WebSite\",\"@id\":\"https:\\\/\\\/www.saint-medard-la-rochette.fr\\\/#website\",\"url\":\"https:\\\/\\\/www.saint-medard-la-rochette.fr\\\/\",\"name\":\"saint-medard-la-rochette\",\"description\":\"Le site de la mairie de saint-medard-la-rochette\",\"publisher\":{\"@id\":\"https:\\\/\\\/www.saint-medard-la-rochette.fr\\\/#organization\"},\"potentialAction\":[{\"@type\":\"SearchAction\",\"target\":{\"@type\":\"EntryPoint\",\"urlTemplate\":\"https:\\\/\\\/www.saint-medard-la-rochette.fr\\\/?s={search_term_string}\"},\"query-input\":{\"@type\":\"PropertyValueSpecification\",\"valueRequired\":true,\"valueName\":\"search_term_string\"}}],\"inLanguage\":\"fr-FR\"},{\"@type\":\"Organization\",\"@id\":\"https:\\\/\\\/www.saint-medard-la-rochette.fr\\\/#organization\",\"name\":\"saint-medard-la-rochette\",\"url\":\"https:\\\/\\\/www.saint-medard-la-rochette.fr\\\/\",\"logo\":{\"@type\":\"ImageObject\",\"inLanguage\":\"fr-FR\",\"@id\":\"https:\\\/\\\/www.saint-medard-la-rochette.fr\\\/#\\\/schema\\\/logo\\\/image\\\/\",\"url\":\"https:\\\/\\\/www.saint-medard-la-rochette.fr\\\/wp-content\\\/uploads\\\/2021\\\/09\\\/cropped-Fichier-1.png\",\"contentUrl\":\"https:\\\/\\\/www.saint-medard-la-rochette.fr\\\/wp-content\\\/uploads\\\/2021\\\/09\\\/cropped-Fichier-1.png\",\"width\":397,\"height\":49,\"caption\":\"saint-medard-la-rochette\"},\"image\":{\"@id\":\"https:\\\/\\\/www.saint-medard-la-rochette.fr\\\/#\\\/schema\\\/logo\\\/image\\\/\"}}]}<\/script>\n<!-- \/ Yoast SEO plugin. -->","yoast_head_json":{"title":"Entreprises \/ Artisans - saint-medard-la-rochette","robots":{"index":"index","follow":"follow","max-snippet":"max-snippet:-1","max-image-preview":"max-image-preview:large","max-video-preview":"max-video-preview:-1"},"canonical":"https:\/\/www.saint-medard-la-rochette.fr\/?page_id=37","og_locale":"fr_FR","og_type":"article","og_title":"Entreprises \/ Artisans - saint-medard-la-rochette","og_description":"Entreprises et Artisans ARCANE-BOTANICAArtisan tisanier, herboristerie et curiosit\u00e9s v\u00e9g\u00e9tales10 route de Courcelles AUDOUZE Francis Entretien b\u00e2timent, Petits bricolages23 rue de l\u2019Eglise &#8211; 05 55 66 27 00 BOUILLOT Philippe Electricit\u00e9 G\u00e9n\u00e9rale, Installation neuve, R\u00e9novation, D\u00e9pannage, Pl\u00e2tre, Isolation, Cloison 14 Puy Mercier &#8211; 05 55 83 05 37 DESTEREL Carrosserie, Peinture, Entretien, R\u00e9paration, Pr\u00eat de v\u00e9hicule [&hellip;]","og_url":"https:\/\/www.saint-medard-la-rochette.fr\/?page_id=37","og_site_name":"saint-medard-la-rochette","article_modified_time":"2025-12-31T07:36:16+00:00","og_image":[{"width":2560,"height":1920,"url":"https:\/\/www.saint-medard-la-rochette.fr\/wp-content\/uploads\/2022\/05\/cid_91e617d3-13bf-44b1-9e7f-01d5078fb896-scaled.jpg","type":"image\/jpeg"}],"twitter_card":"summary_large_image","twitter_misc":{"Dur\u00e9e de lecture estim\u00e9e":"2 minutes"},"schema":{"@context":"https:\/\/schema.org","@graph":[{"@type":"WebPage","@id":"https:\/\/www.saint-medard-la-rochette.fr\/?page_id=37","url":"https:\/\/www.saint-medard-la-rochette.fr\/?page_id=37","name":"Entreprises \/ Artisans - saint-medard-la-rochette","isPartOf":{"@id":"https:\/\/www.saint-medard-la-rochette.fr\/#website"},"primaryImageOfPage":{"@id":"https:\/\/www.saint-medard-la-rochette.fr\/?page_id=37#primaryimage"},"image":{"@id":"https:\/\/www.saint-medard-la-rochette.fr\/?page_id=37#primaryimage"},"thumbnailUrl":"https:\/\/www.saint-medard-la-rochette.fr\/wp-content\/uploads\/2022\/05\/cid_91e617d3-13bf-44b1-9e7f-01d5078fb896-1024x768.jpg","datePublished":"2021-09-22T16:34:07+00:00","dateModified":"2025-12-31T07:36:16+00:00","breadcrumb":{"@id":"https:\/\/www.saint-medard-la-rochette.fr\/?page_id=37#breadcrumb"},"inLanguage":"fr-FR","potentialAction":[{"@type":"ReadAction","target":["https:\/\/www.saint-medard-la-rochette.fr\/?page_id=37"]}]},{"@type":"ImageObject","inLanguage":"fr-FR","@id":"https:\/\/www.saint-medard-la-rochette.fr\/?page_id=37#primaryimage","url":"https:\/\/www.saint-medard-la-rochette.fr\/wp-content\/uploads\/2022\/05\/cid_91e617d3-13bf-44b1-9e7f-01d5078fb896-scaled.jpg","contentUrl":"https:\/\/www.saint-medard-la-rochette.fr\/wp-content\/uploads\/2022\/05\/cid_91e617d3-13bf-44b1-9e7f-01d5078fb896-scaled.jpg","width":2560,"height":1920},{"@type":"BreadcrumbList","@id":"https:\/\/www.saint-medard-la-rochette.fr\/?page_id=37#breadcrumb","itemListElement":[{"@type":"ListItem","position":1,"name":"Accueil","item":"https:\/\/www.saint-medard-la-rochette.fr\/"},{"@type":"ListItem","position":2,"name":"Entreprises \/ Artisans"}]},{"@type":"WebSite","@id":"https:\/\/www.saint-medard-la-rochette.fr\/#website","url":"https:\/\/www.saint-medard-la-rochette.fr\/","name":"saint-medard-la-rochette","description":"Le site de la mairie de saint-medard-la-rochette","publisher":{"@id":"https:\/\/www.saint-medard-la-rochette.fr\/#organization"},"potentialAction":[{"@type":"SearchAction","target":{"@type":"EntryPoint","urlTemplate":"https:\/\/www.saint-medard-la-rochette.fr\/?s={search_term_string}"},"query-input":{"@type":"PropertyValueSpecification","valueRequired":true,"valueName":"search_term_string"}}],"inLanguage":"fr-FR"},{"@type":"Organization","@id":"https:\/\/www.saint-medard-la-rochette.fr\/#organization","name":"saint-medard-la-rochette","url":"https:\/\/www.saint-medard-la-rochette.fr\/","logo":{"@type":"ImageObject","inLanguage":"fr-FR","@id":"https:\/\/www.saint-medard-la-rochette.fr\/#\/schema\/logo\/image\/","url":"https:\/\/www.saint-medard-la-rochette.fr\/wp-content\/uploads\/2021\/09\/cropped-Fichier-1.png","contentUrl":"https:\/\/www.saint-medard-la-rochette.fr\/wp-content\/uploads\/2021\/09\/cropped-Fichier-1.png","width":397,"height":49,"caption":"saint-medard-la-rochette"},"image":{"@id":"https:\/\/www.saint-medard-la-rochette.fr\/#\/schema\/logo\/image\/"}}]}},"_links":{"self":[{"href":"https:\/\/www.saint-medard-la-rochette.fr\/index.php?rest_route=\/wp\/v2\/pages\/37","targetHints":{"allow":["GET"]}}],"collection":[{"href":"https:\/\/www.saint-medard-la-rochette.fr\/index.php?rest_route=\/wp\/v2\/pages"}],"about":[{"href":"https:\/\/www.saint-medard-la-rochette.fr\/index.php?rest_route=\/wp\/v2\/types\/page"}],"author":[{"embeddable":true,"href":"https:\/\/www.saint-medard-la-rochette.fr\/index.php?rest_route=\/wp\/v2\/users\/1"}],"replies":[{"embeddable":true,"href":"https:\/\/www.saint-medard-la-rochette.fr\/index.php?rest_route=%2Fwp%2Fv2%2Fcomments&post=37"}],"version-history":[{"count":49,"href":"https:\/\/www.saint-medard-la-rochette.fr\/index.php?rest_route=\/wp\/v2\/pages\/37\/revisions"}],"predecessor-version":[{"id":1664,"href":"https:\/\/www.saint-medard-la-rochette.fr\/index.php?rest_route=\/wp\/v2\/pages\/37\/revisions\/1664"}],"wp:attachment":[{"href":"https:\/\/www.saint-medard-la-rochette.fr\/index.php?rest_route=%2Fwp%2Fv2%2Fmedia&parent=37"}],"curies":[{"name":"wp","href":"https:\/\/api.w.org\/{rel}","templated":true}]}}